{"id":183,"date":"2025-08-15T08:41:28","date_gmt":"2025-08-15T08:41:28","guid":{"rendered":"https:\/\/soyoga.ch\/?page_id=183"},"modified":"2026-01-22T21:17:37","modified_gmt":"2026-01-22T21:17:37","slug":"kurse","status":"publish","type":"page","link":"https:\/\/soyoga.ch\/index.php\/kurse\/","title":{"rendered":"PREISE UND KONDITIONEN"},"content":{"rendered":"\n<p class=\"wp-block-paragraph\">Abos Preise Bezahlung:<\/p>\n\n\n\n<figure class=\"wp-block-table\"><table class=\"has-fixed-layout\"><tbody><tr><td><strong>Abos<\/strong><\/td><td><strong>Preise <\/strong><\/td><td><strong>Bezahlung<\/strong><\/td><\/tr><tr><td>Einzellektion Yogakurse <\/td><td>CHF 35.- nur mit Voranmeldung<\/td><td>Am gleichen Tag<\/td><\/tr><tr><td>10 Lektionen Abo*<\/td><td>CHF 280.-<\/td><td>Bezahlung als Abonnement im Voraus<\/td><\/tr><tr><td>Einzellektion Online live Yoga<\/td><td>CHF 20.-<\/td><td>Am gleichen Tag<\/td><\/tr><tr><td>10 Lektionen Abo**<\/td><td>CHF 200.-<\/td><td>Bezahlung als Abonnement im Voraus,<\/td><\/tr><tr><td><\/td><td><\/td><td>berechtigt 2 Teilnahmen pro Woche<\/td><\/tr><tr><td>Probestunde Yogakurs *<\/td><td>CHF 20.-<\/td><td><\/td><\/tr><tr><td>Einzelbegleitung Yoga bei Krebs<\/td><td>CHF 120.- \/Lektion<\/td><td>Empfehlung 3 bis 4 Lektionen<\/td><\/tr><tr><td>Einzelcoaching<\/td><td>CHF 100.- \/Stunde<\/td><td><\/td><\/tr><tr><td>Atem\u00fcbungen pro Teilnahme<\/td><td>CHF 15.-<\/td><td>Am gleichen Tag<\/td><\/tr><tr><td><\/td><td><\/td><td><\/td><\/tr><\/tbody><\/table><\/figure>\n\n\n\n<p class=\"wp-block-paragraph\"><strong>*) ABO-KONDITIONEN &amp; ABSENZEN<br>Das 10-er Abo \u201eYogakurse\u201c<\/strong>&nbsp;ist 13 Wochen g\u00fcltig. Nicht eingel\u00f6ste Lektionen verfallen nach der angegebenen Abo-Dauer. Einmal gel\u00f6ste Abos k\u00f6nnen weder zur\u00fcckerstattet noch auf andere Personen \u00fcbertragen werden. Bei Kursausf\u00e4llen oder Ferien seitens der Yogaschule sowie offiziellen Feiertagen l\u00e4uft das Abo nicht weiter.<\/p>\n\n\n\n<p class=\"wp-block-paragraph\">Bei Absenzen bitten wir so fr\u00fch wie m\u00f6glich um eine kurze Info per sms, E-Mail oder Tel., damit andere TeilnehmerInnen die M\u00f6glichkeit haben, auch in ausgebuchten Kursen eine Yogalektion zu besuchen. Bei l\u00e4ngeren Absenzen infolge Unfalls oder schwerer Krankheit werden gem\u00e4ss Absprache zwischenzeitlich keine Lektionen verrechnet. Bei Abmeldungen weniger wie 4 Stunden vor Beginn der Yogalektion wird die Yogalektion verrechnet.<\/p>\n\n\n\n<p class=\"wp-block-paragraph\">**)<strong>Das 10-er Abo \u201eOnline\u201c<\/strong>\u00a0ist\u00a0<strong>unbeschr\u00e4nkt g\u00fcltig<\/strong>, nur die effektiv besuchten Lektionen werden vom Abo abgebucht.<\/p>\n\n\n\n<p class=\"wp-block-paragraph\"><strong>FERIEN &amp; FEIERTAGEN<\/strong> <br><strong>W\u00e4hrend geplanten Ferien und CH-Feiertagen finden&nbsp;<u>keine<\/u>&nbsp;Yogakurse statt:<\/strong><\/p>\n\n\n\n<p class=\"wp-block-paragraph\">Feriendaten und Abwesenheiten, siehe Website unter <a href=\"https:\/\/soyoga.ch\/index.php\/preise-und-konditionen\/\" data-type=\"page\" data-id=\"188\">KURSE KALENDER<\/a><\/p>\n","protected":false},"excerpt":{"rendered":"<p>Abos Preise Bezahlung: Abos Preise Bezahlung Einzellektion Yogakurse CHF 35.- nur mit Voranmeldung Am gleichen Tag 10 Lektionen Abo* CHF 280.- Bezahlung als Abonnement im Voraus Einzellektion Online [&hellip;]<\/p>\n","protected":false},"author":2,"featured_media":0,"parent":0,"menu_order":0,"comment_status":"closed","ping_status":"closed","template":"","meta":{"_crdt_document":"","footnotes":""},"class_list":["post-183","page","type-page","status-publish","hentry"],"_links":{"self":[{"href":"https:\/\/soyoga.ch\/index.php\/wp-json\/wp\/v2\/pages\/183","targetHints":{"allow":["GET"]}}],"collection":[{"href":"https:\/\/soyoga.ch\/index.php\/wp-json\/wp\/v2\/pages"}],"about":[{"href":"https:\/\/soyoga.ch\/index.php\/wp-json\/wp\/v2\/types\/page"}],"author":[{"embeddable":true,"href":"https:\/\/soyoga.ch\/index.php\/wp-json\/wp\/v2\/users\/2"}],"replies":[{"embeddable":true,"href":"https:\/\/soyoga.ch\/index.php\/wp-json\/wp\/v2\/comments?post=183"}],"version-history":[{"count":7,"href":"https:\/\/soyoga.ch\/index.php\/wp-json\/wp\/v2\/pages\/183\/revisions"}],"predecessor-version":[{"id":273,"href":"https:\/\/soyoga.ch\/index.php\/wp-json\/wp\/v2\/pages\/183\/revisions\/273"}],"wp:attachment":[{"href":"https:\/\/soyoga.ch\/index.php\/wp-json\/wp\/v2\/media?parent=183"}],"curies":[{"name":"wp","href":"https:\/\/api.w.org\/{rel}","templated":true}]}}