{"id":186,"date":"2025-08-15T11:02:25","date_gmt":"2025-08-15T11:02:25","guid":{"rendered":"https:\/\/soyoga.ch\/?page_id=186"},"modified":"2026-03-31T13:38:32","modified_gmt":"2026-03-31T13:38:32","slug":"agenda-2025","status":"publish","type":"page","link":"https:\/\/soyoga.ch\/index.php\/agenda-2025\/","title":{"rendered":"AKTUELLES"},"content":{"rendered":"\n<details class=\"wp-block-details is-layout-flow wp-block-details-is-layout-flow\"><summary>Wir sind umgezogen<br><\/summary>\n<p class=\"wp-block-paragraph\">Ab dem <strong>10. M\u00e4rz 2026<\/strong> beginnen wir mit den Yogakursen an der <strong>Br\u00fchlstrasse 14, 2545 Selzach<\/strong>. Ab dann finden die Kurse jeweils <strong>dienstags<\/strong> statt. Bitte schau f\u00fcr die genauen Daten in der Kurs\u00fcbersicht nach. Wir sind froh und dankbar, diesen Raum im 1. Stock des Werkhofs mieten zu d\u00fcrfen. Gross, ger\u00e4umig und ganz aus \u201e\u00fcserem\u201c Holz. Parkpl\u00e4tze sind vorhanden, und der \u00d6V ist in unserer Gemeinde nie weit entfernt.<br>Hier ein Eindruck vom grossen Raum.<br><img loading=\"lazy\" decoding=\"async\" width=\"150\" height=\"84\" fetchpriority=\"low\" class=\"wp-image-266\" style=\"width: 150px;\" src=\"https:\/\/soyoga.ch\/wp-content\/uploads\/2026\/01\/fdd4a04a-8c5d-469a-8261-239477b14634.gif.webp\" alt=\"\" srcset=\"https:\/\/soyoga.ch\/wp-content\/uploads\/2026\/01\/fdd4a04a-8c5d-469a-8261-239477b14634.gif.webp 1200w, https:\/\/soyoga.ch\/wp-content\/uploads\/2026\/01\/fdd4a04a-8c5d-469a-8261-239477b14634.gif-300x169.webp 300w, https:\/\/soyoga.ch\/wp-content\/uploads\/2026\/01\/fdd4a04a-8c5d-469a-8261-239477b14634.gif-1024x576.webp 1024w, https:\/\/soyoga.ch\/wp-content\/uploads\/2026\/01\/fdd4a04a-8c5d-469a-8261-239477b14634.gif-768x432.webp 768w\" sizes=\"auto, (max-width: 150px) 100vw, 150px\" \/><\/p>\n\n\n\n<p class=\"wp-block-paragraph\"><\/p>\n\n\n\n<p class=\"wp-block-paragraph\"><br><\/p>\n<\/details>\n\n\n\n<h2 class=\"wp-block-heading\">AKTUELLES<\/h2>\n\n\n\n<details class=\"wp-block-details is-layout-flow wp-block-details-is-layout-flow\"><summary>Feriendaten und Kursen in Kursplan \u00dcbersicht<br><\/summary>\n<p class=\"wp-block-paragraph\"><\/p>\n<\/details>\n\n\n\n<figure class=\"wp-block-image size-full\"><img loading=\"lazy\" decoding=\"async\" width=\"136\" height=\"136\" src=\"https:\/\/soyoga.ch\/wp-content\/uploads\/2025\/08\/image.png\" alt=\"\" class=\"wp-image-209\"\/><\/figure>\n","protected":false},"excerpt":{"rendered":"<p>AKTUELLES<\/p>\n","protected":false},"author":2,"featured_media":0,"parent":0,"menu_order":0,"comment_status":"closed","ping_status":"closed","template":"","meta":{"_crdt_document":"","footnotes":""},"class_list":["post-186","page","type-page","status-publish","hentry"],"_links":{"self":[{"href":"https:\/\/soyoga.ch\/index.php\/wp-json\/wp\/v2\/pages\/186","targetHints":{"allow":["GET"]}}],"collection":[{"href":"https:\/\/soyoga.ch\/index.php\/wp-json\/wp\/v2\/pages"}],"about":[{"href":"https:\/\/soyoga.ch\/index.php\/wp-json\/wp\/v2\/types\/page"}],"author":[{"embeddable":true,"href":"https:\/\/soyoga.ch\/index.php\/wp-json\/wp\/v2\/users\/2"}],"replies":[{"embeddable":true,"href":"https:\/\/soyoga.ch\/index.php\/wp-json\/wp\/v2\/comments?post=186"}],"version-history":[{"count":10,"href":"https:\/\/soyoga.ch\/index.php\/wp-json\/wp\/v2\/pages\/186\/revisions"}],"predecessor-version":[{"id":334,"href":"https:\/\/soyoga.ch\/index.php\/wp-json\/wp\/v2\/pages\/186\/revisions\/334"}],"wp:attachment":[{"href":"https:\/\/soyoga.ch\/index.php\/wp-json\/wp\/v2\/media?parent=186"}],"curies":[{"name":"wp","href":"https:\/\/api.w.org\/{rel}","templated":true}]}}